{"id":3926,"date":"2026-01-08T18:38:45","date_gmt":"2026-01-08T17:38:45","guid":{"rendered":"https:\/\/www.kmws.de\/sauerland\/?page_id=3926"},"modified":"2026-01-09T09:26:50","modified_gmt":"2026-01-09T08:26:50","slug":"rueckblick-auf-das-jubilaeum","status":"publish","type":"page","link":"https:\/\/www.kmws.de\/sauerland\/rueckblick-auf-das-jubilaeum","title":{"rendered":"R\u00fcckblick auf das Jubil\u00e4um"},"content":{"rendered":"<p><a href=\"http:\/\/www.kmws.de\/sauerland\/wp-content\/uploads\/2026\/01\/Cheers-to-40-years-Kopie.jpg\"><img loading=\"lazy\" decoding=\"async\" class=\" wp-image-3912 aligncenter\" src=\"http:\/\/www.kmws.de\/sauerland\/wp-content\/uploads\/2026\/01\/Cheers-to-40-years-Kopie-300x57.jpg\" alt=\"\" width=\"437\" height=\"83\" srcset=\"https:\/\/www.kmws.de\/sauerland\/wp-content\/uploads\/2026\/01\/Cheers-to-40-years-Kopie-300x57.jpg 300w, https:\/\/www.kmws.de\/sauerland\/wp-content\/uploads\/2026\/01\/Cheers-to-40-years-Kopie-1024x196.jpg 1024w, https:\/\/www.kmws.de\/sauerland\/wp-content\/uploads\/2026\/01\/Cheers-to-40-years-Kopie-768x147.jpg 768w, https:\/\/www.kmws.de\/sauerland\/wp-content\/uploads\/2026\/01\/Cheers-to-40-years-Kopie-1536x293.jpg 1536w, https:\/\/www.kmws.de\/sauerland\/wp-content\/uploads\/2026\/01\/Cheers-to-40-years-Kopie.jpg 2042w\" sizes=\"(max-width: 437px) 100vw, 437px\" \/><\/a><\/p>\n<p>Der Spieletreff 2025 war ein besonderer: Er fand zum 40. Mal statt und dieses bemerkenswerte Jubil\u00e4um wurde geb\u00fchrend gefeiert. <a href=\"http:\/\/www.kmws.de\/sauerland\/wp-content\/uploads\/2026\/01\/Sekt.jpg\"><img loading=\"lazy\" decoding=\"async\" class=\"wp-image-3915 alignright\" src=\"http:\/\/www.kmws.de\/sauerland\/wp-content\/uploads\/2026\/01\/Sekt-225x300.jpg\" alt=\"\" width=\"103\" height=\"137\" srcset=\"https:\/\/www.kmws.de\/sauerland\/wp-content\/uploads\/2026\/01\/Sekt-225x300.jpg 225w, https:\/\/www.kmws.de\/sauerland\/wp-content\/uploads\/2026\/01\/Sekt-768x1024.jpg 768w, https:\/\/www.kmws.de\/sauerland\/wp-content\/uploads\/2026\/01\/Sekt-1152x1536.jpg 1152w, https:\/\/www.kmws.de\/sauerland\/wp-content\/uploads\/2026\/01\/Sekt.jpg 1536w\" sizes=\"(max-width: 103px) 100vw, 103px\" \/><\/a>Es passiert eher selten, dass G\u00e4ste jahrzehntelang zur selben Zeit dasselbe Hotel buchen. Das fiel auch den f\u00fcr den lokalen Tourismus Verantwortlichen auf und so \u00fcberreichten sie den treuesten Teilnehmern des Spieletreffs einen liebevoll gestalteten und gerahmten Ehrenbrief sowie eine Monopoly-Sonderausgabe \u201eWillingen\u201c. Die Hotelleitung steuerte Blumenstr\u00e4u\u00dfe und Sektflaschen bei. Auch die <a href=\"https:\/\/www.kmws.de\/sauerland\/presse\"><strong>Lokalpresse<\/strong><\/a> berichtete \u00fcber das denkw\u00fcrdige Ereignis und ver\u00f6ffentlichte eine Namensliste aller Geehrten.<a href=\"http:\/\/www.kmws.de\/sauerland\/wp-content\/uploads\/2026\/01\/Geehrte.jpg\"><img loading=\"lazy\" decoding=\"async\" class=\" wp-image-3913 aligncenter\" src=\"http:\/\/www.kmws.de\/sauerland\/wp-content\/uploads\/2026\/01\/Geehrte-300x169.jpg\" alt=\"\" width=\"435\" height=\"245\" srcset=\"https:\/\/www.kmws.de\/sauerland\/wp-content\/uploads\/2026\/01\/Geehrte-300x169.jpg 300w, https:\/\/www.kmws.de\/sauerland\/wp-content\/uploads\/2026\/01\/Geehrte-1024x576.jpg 1024w, https:\/\/www.kmws.de\/sauerland\/wp-content\/uploads\/2026\/01\/Geehrte-768x432.jpg 768w, https:\/\/www.kmws.de\/sauerland\/wp-content\/uploads\/2026\/01\/Geehrte-1536x864.jpg 1536w, https:\/\/www.kmws.de\/sauerland\/wp-content\/uploads\/2026\/01\/Geehrte.jpg 2048w\" sizes=\"(max-width: 435px) 100vw, 435px\" \/><\/a>Wenn G\u00e4ste jahrelang im selben Hotel absteigen, entsteht so etwas wie eine famili\u00e4re Atmosph\u00e4re, kommt es auch zu Freundschaften mit dem Personal. Oder sogar noch mehr: Eine ehemalige Angestellte des Hotels und ein Dauergast konnten im Sommer ihre Silberne Hochzeit feiern! Legend\u00e4r auch der Satz, mit dem ein Gast nach der Anreise die Lobby betrat: \u201eEndlich wieder zuhause!\u201c<\/p>\n<p>Zum Jubil\u00e4um war das Hotel mit Erinnerungen an vergangene Spieletreffs geschm\u00fcckt. Quizmaster Roy hatte sich spezielle Fragen augedacht, die sich mit der Vergangenheit des Treffs besch\u00e4ftigten. Und die Gewinnerin unserer beliebten G\u00e4ster\u00e4tsel bekam diesmal neben einem Spiel auch einen historischen Pokal \u00fcberreicht: Er wurde gestiftet von KMW, der ihn beim zweiten Spieletreff 1986 bei einem Spieleturnier gewonnen hatte.<a href=\"http:\/\/www.kmws.de\/sauerland\/wp-content\/uploads\/2026\/01\/GewinnerinPokal.jpg\"><img loading=\"lazy\" decoding=\"async\" class=\"size-medium wp-image-3914 aligncenter\" src=\"http:\/\/www.kmws.de\/sauerland\/wp-content\/uploads\/2026\/01\/GewinnerinPokal-300x295.jpg\" alt=\"\" width=\"300\" height=\"295\" srcset=\"https:\/\/www.kmws.de\/sauerland\/wp-content\/uploads\/2026\/01\/GewinnerinPokal-300x295.jpg 300w, https:\/\/www.kmws.de\/sauerland\/wp-content\/uploads\/2026\/01\/GewinnerinPokal-1024x1009.jpg 1024w, https:\/\/www.kmws.de\/sauerland\/wp-content\/uploads\/2026\/01\/GewinnerinPokal-768x756.jpg 768w, https:\/\/www.kmws.de\/sauerland\/wp-content\/uploads\/2026\/01\/GewinnerinPokal-1536x1513.jpg 1536w, https:\/\/www.kmws.de\/sauerland\/wp-content\/uploads\/2026\/01\/GewinnerinPokal-2048x2017.jpg 2048w\" sizes=\"(max-width: 300px) 100vw, 300px\" \/><\/a><\/p>\n<p>Eigentlich wollte eine Gruppe der G\u00e4ste das legend\u00e4re Woodstock Festival aufleben lassen. <a href=\"http:\/\/www.kmws.de\/sauerland\/wp-content\/uploads\/2025\/11\/killingwoodstock.jpg\"><img loading=\"lazy\" decoding=\"async\" class=\" wp-image-3747 alignright\" src=\"http:\/\/www.kmws.de\/sauerland\/wp-content\/uploads\/2025\/11\/killingwoodstock-224x300.jpg\" alt=\"\" width=\"77\" height=\"103\" srcset=\"https:\/\/www.kmws.de\/sauerland\/wp-content\/uploads\/2025\/11\/killingwoodstock-224x300.jpg 224w, https:\/\/www.kmws.de\/sauerland\/wp-content\/uploads\/2025\/11\/killingwoodstock-766x1024.jpg 766w, https:\/\/www.kmws.de\/sauerland\/wp-content\/uploads\/2025\/11\/killingwoodstock-768x1027.jpg 768w, https:\/\/www.kmws.de\/sauerland\/wp-content\/uploads\/2025\/11\/killingwoodstock.jpg 957w\" sizes=\"(max-width: 77px) 100vw, 77px\" \/><\/a>Doch als der Guru der Kommune ermordet wurde, war es vorbei mit Love, Peace and Happiness. Und so waren sie damit besch\u00e4ftigt, den Mordfall aufzukl\u00e4ren, denn einer von ihnen musste der T\u00e4ter sein. \u201eKilling Woodstock\u201c aus dem Haus Pegasus hie\u00df der Kriminalfall, der in diesem Jahr gespielt wurde und gel\u00f6st werden musste. Im Bild die Protagonisten.<a href=\"http:\/\/www.kmws.de\/sauerland\/wp-content\/uploads\/2025\/11\/Krimi2025.jpg\"><img loading=\"lazy\" decoding=\"async\" class=\" wp-image-3748 aligncenter\" src=\"http:\/\/www.kmws.de\/sauerland\/wp-content\/uploads\/2025\/11\/Krimi2025-300x253.jpg\" alt=\"\" width=\"442\" height=\"373\" srcset=\"https:\/\/www.kmws.de\/sauerland\/wp-content\/uploads\/2025\/11\/Krimi2025-300x253.jpg 300w, https:\/\/www.kmws.de\/sauerland\/wp-content\/uploads\/2025\/11\/Krimi2025-1024x862.jpg 1024w, https:\/\/www.kmws.de\/sauerland\/wp-content\/uploads\/2025\/11\/Krimi2025-768x647.jpg 768w, https:\/\/www.kmws.de\/sauerland\/wp-content\/uploads\/2025\/11\/Krimi2025-1536x1293.jpg 1536w, https:\/\/www.kmws.de\/sauerland\/wp-content\/uploads\/2025\/11\/Krimi2025.jpg 2048w\" sizes=\"(max-width: 442px) 100vw, 442px\" \/><\/a><\/p>\n<p>Eins der Highlights der Spiele vor Ort war eine XXL-Ausgabe des Abacusspiels &#8222;Die wandelnden T\u00fcrme&#8220; von Michael Kiesling und Wolfgang Kramer, das bislang v\u00f6llig zu Unrecht unter dem Radar l\u00e4uft.<a href=\"http:\/\/www.kmws.de\/sauerland\/wp-content\/uploads\/2026\/01\/Tuerme.jpg\"><img loading=\"lazy\" decoding=\"async\" class=\" wp-image-3935 aligncenter\" src=\"http:\/\/www.kmws.de\/sauerland\/wp-content\/uploads\/2026\/01\/Tuerme-244x300.jpg\" alt=\"\" width=\"358\" height=\"440\" srcset=\"https:\/\/www.kmws.de\/sauerland\/wp-content\/uploads\/2026\/01\/Tuerme-244x300.jpg 244w, https:\/\/www.kmws.de\/sauerland\/wp-content\/uploads\/2026\/01\/Tuerme-833x1024.jpg 833w, https:\/\/www.kmws.de\/sauerland\/wp-content\/uploads\/2026\/01\/Tuerme-768x944.jpg 768w, https:\/\/www.kmws.de\/sauerland\/wp-content\/uploads\/2026\/01\/Tuerme-1249x1536.jpg 1249w, https:\/\/www.kmws.de\/sauerland\/wp-content\/uploads\/2026\/01\/Tuerme.jpg 1451w\" sizes=\"(max-width: 358px) 100vw, 358px\" \/><\/a><\/p>\n<p>Welche Spiele sonst noch auf die Tische kamen, sehen Sie in unserer <a href=\"https:\/\/www.kmws.de\/sauerland\/fotogalerie\"><strong>Fotogalerie<\/strong><\/a>. Und einige Spielrunden sind uns auch vor die Linse gekommen, wie Sie in der folgenden <strong>Diashow<\/strong> sehen k\u00f6nnen.<\/p>\nngg_shortcode_0_placeholder\n<p>&nbsp;<\/p>\n<p>&nbsp;<\/p>\n<p>&nbsp;<\/p>\n<p>&nbsp;<\/p>\n<p>&nbsp;<\/p>\n","protected":false},"excerpt":{"rendered":"<p>Der Spieletreff 2025 war ein besonderer: Er fand zum 40. Mal statt und dieses bemerkenswerte Jubil\u00e4um wurde geb\u00fchrend gefeiert. Es passiert eher selten, dass G\u00e4ste jahrzehntelang zur selben Zeit dasselbe Hotel buchen. Das fiel auch den f\u00fcr den lokalen Tourismus &hellip; <a href=\"https:\/\/www.kmws.de\/sauerland\/rueckblick-auf-das-jubilaeum\">Weiterlesen <span class=\"meta-nav\">&rarr;<\/span><\/a><\/p>\n","protected":false},"author":1,"featured_media":0,"parent":0,"menu_order":0,"comment_status":"closed","ping_status":"closed","template":"","meta":{"ngg_post_thumbnail":0,"footnotes":""},"_links":{"self":[{"href":"https:\/\/www.kmws.de\/sauerland\/wp-json\/wp\/v2\/pages\/3926"}],"collection":[{"href":"https:\/\/www.kmws.de\/sauerland\/wp-json\/wp\/v2\/pages"}],"about":[{"href":"https:\/\/www.kmws.de\/sauerland\/wp-json\/wp\/v2\/types\/page"}],"author":[{"embeddable":true,"href":"https:\/\/www.kmws.de\/sauerland\/wp-json\/wp\/v2\/users\/1"}],"replies":[{"embeddable":true,"href":"https:\/\/www.kmws.de\/sauerland\/wp-json\/wp\/v2\/comments?post=3926"}],"version-history":[{"count":14,"href":"https:\/\/www.kmws.de\/sauerland\/wp-json\/wp\/v2\/pages\/3926\/revisions"}],"predecessor-version":[{"id":3950,"href":"https:\/\/www.kmws.de\/sauerland\/wp-json\/wp\/v2\/pages\/3926\/revisions\/3950"}],"wp:attachment":[{"href":"https:\/\/www.kmws.de\/sauerland\/wp-json\/wp\/v2\/media?parent=3926"}],"curies":[{"name":"wp","href":"https:\/\/api.w.org\/{rel}","templated":true}]}}