{"id":3910,"date":"2026-01-07T12:37:24","date_gmt":"2026-01-07T11:37:24","guid":{"rendered":"https:\/\/www.kmws.de\/sauerland\/?page_id=3910"},"modified":"2026-01-07T12:37:24","modified_gmt":"2026-01-07T11:37:24","slug":"spieltische-2025","status":"publish","type":"page","link":"https:\/\/www.kmws.de\/sauerland\/spieltische-2025","title":{"rendered":"Spieltische 2025"},"content":{"rendered":"<p>Welche Spiele beim Jubil\u00e4ums-Spieletreff gespielt wurden, zeigt unsere Fotogalerie &#8211; in chronologischer Folge der Aufnahmen, aber sonst unsortiert und ohne Anspruch auf Vollst\u00e4ndigkeit. Wie anderswo bereits erw\u00e4hnt, haben wir hier nur das Spielmaterial abgelichtet, da manche G\u00e4ste sich nicht im Internet wiederfinden wollen. Auf einer anderen Seite finden Sie dagegen auch Spielrunden.<\/p>\n<p>Fotografiert haben Roy Burger und KMW.<\/p>\nngg_shortcode_0_placeholder\n","protected":false},"excerpt":{"rendered":"<p>Welche Spiele beim Jubil\u00e4ums-Spieletreff gespielt wurden, zeigt unsere Fotogalerie &#8211; in chronologischer Folge der Aufnahmen, aber sonst unsortiert und ohne Anspruch auf Vollst\u00e4ndigkeit. Wie anderswo bereits erw\u00e4hnt, haben wir hier nur das Spielmaterial abgelichtet, da manche G\u00e4ste sich nicht im &hellip; <a href=\"https:\/\/www.kmws.de\/sauerland\/spieltische-2025\">Weiterlesen <span class=\"meta-nav\">&rarr;<\/span><\/a><\/p>\n","protected":false},"author":1,"featured_media":0,"parent":0,"menu_order":0,"comment_status":"closed","ping_status":"closed","template":"","meta":{"ngg_post_thumbnail":0,"footnotes":""},"_links":{"self":[{"href":"https:\/\/www.kmws.de\/sauerland\/wp-json\/wp\/v2\/pages\/3910"}],"collection":[{"href":"https:\/\/www.kmws.de\/sauerland\/wp-json\/wp\/v2\/pages"}],"about":[{"href":"https:\/\/www.kmws.de\/sauerland\/wp-json\/wp\/v2\/types\/page"}],"author":[{"embeddable":true,"href":"https:\/\/www.kmws.de\/sauerland\/wp-json\/wp\/v2\/users\/1"}],"replies":[{"embeddable":true,"href":"https:\/\/www.kmws.de\/sauerland\/wp-json\/wp\/v2\/comments?post=3910"}],"version-history":[{"count":1,"href":"https:\/\/www.kmws.de\/sauerland\/wp-json\/wp\/v2\/pages\/3910\/revisions"}],"predecessor-version":[{"id":3911,"href":"https:\/\/www.kmws.de\/sauerland\/wp-json\/wp\/v2\/pages\/3910\/revisions\/3911"}],"wp:attachment":[{"href":"https:\/\/www.kmws.de\/sauerland\/wp-json\/wp\/v2\/media?parent=3910"}],"curies":[{"name":"wp","href":"https:\/\/api.w.org\/{rel}","templated":true}]}}