{"id":3751,"date":"2025-11-23T15:01:44","date_gmt":"2025-11-23T14:01:44","guid":{"rendered":"https:\/\/www.kmws.de\/sauerland\/?page_id=3751"},"modified":"2025-11-23T15:01:44","modified_gmt":"2025-11-23T14:01:44","slug":"die-aufloesung-der-gaesteraetsel-2025","status":"publish","type":"page","link":"https:\/\/www.kmws.de\/sauerland\/die-aufloesung-der-gaesteraetsel-2025","title":{"rendered":"Die Aufl\u00f6sung der G\u00e4ster\u00e4tsel 2025"},"content":{"rendered":"<p><a href=\"http:\/\/www.kmws.de\/sauerland\/wp-content\/uploads\/2025\/11\/PolaroidAufloesung2025-scaled.jpg\" target=\"_blank\" rel=\"noopener\"><img loading=\"lazy\" decoding=\"async\" class=\"aligncenter wp-image-3749 size-medium\" src=\"http:\/\/www.kmws.de\/sauerland\/wp-content\/uploads\/2025\/11\/PolaroidAufloesung2025-300x223.jpg\" alt=\"\" width=\"300\" height=\"223\" srcset=\"https:\/\/www.kmws.de\/sauerland\/wp-content\/uploads\/2025\/11\/PolaroidAufloesung2025-300x223.jpg 300w, https:\/\/www.kmws.de\/sauerland\/wp-content\/uploads\/2025\/11\/PolaroidAufloesung2025-1024x760.jpg 1024w, https:\/\/www.kmws.de\/sauerland\/wp-content\/uploads\/2025\/11\/PolaroidAufloesung2025-768x570.jpg 768w, https:\/\/www.kmws.de\/sauerland\/wp-content\/uploads\/2025\/11\/PolaroidAufloesung2025-1536x1140.jpg 1536w, https:\/\/www.kmws.de\/sauerland\/wp-content\/uploads\/2025\/11\/PolaroidAufloesung2025-2048x1520.jpg 2048w\" sizes=\"(max-width: 300px) 100vw, 300px\" \/><\/a><\/p>\n<p><a href=\"http:\/\/www.kmws.de\/sauerland\/wp-content\/uploads\/2025\/11\/SpieletreffAufloesung2025-scaled.jpg\" target=\"_blank\" rel=\"noopener\"><img loading=\"lazy\" decoding=\"async\" class=\"aligncenter wp-image-3750 size-medium\" src=\"http:\/\/www.kmws.de\/sauerland\/wp-content\/uploads\/2025\/11\/SpieletreffAufloesung2025-260x300.jpg\" alt=\"\" width=\"260\" height=\"300\" srcset=\"https:\/\/www.kmws.de\/sauerland\/wp-content\/uploads\/2025\/11\/SpieletreffAufloesung2025-260x300.jpg 260w, https:\/\/www.kmws.de\/sauerland\/wp-content\/uploads\/2025\/11\/SpieletreffAufloesung2025-887x1024.jpg 887w, https:\/\/www.kmws.de\/sauerland\/wp-content\/uploads\/2025\/11\/SpieletreffAufloesung2025-768x887.jpg 768w, https:\/\/www.kmws.de\/sauerland\/wp-content\/uploads\/2025\/11\/SpieletreffAufloesung2025-1330x1536.jpg 1330w, https:\/\/www.kmws.de\/sauerland\/wp-content\/uploads\/2025\/11\/SpieletreffAufloesung2025-1773x2048.jpg 1773w\" sizes=\"(max-width: 260px) 100vw, 260px\" \/><\/a><\/p>\n","protected":false},"excerpt":{"rendered":"","protected":false},"author":1,"featured_media":0,"parent":0,"menu_order":0,"comment_status":"closed","ping_status":"closed","template":"","meta":{"ngg_post_thumbnail":0,"footnotes":""},"_links":{"self":[{"href":"https:\/\/www.kmws.de\/sauerland\/wp-json\/wp\/v2\/pages\/3751"}],"collection":[{"href":"https:\/\/www.kmws.de\/sauerland\/wp-json\/wp\/v2\/pages"}],"about":[{"href":"https:\/\/www.kmws.de\/sauerland\/wp-json\/wp\/v2\/types\/page"}],"author":[{"embeddable":true,"href":"https:\/\/www.kmws.de\/sauerland\/wp-json\/wp\/v2\/users\/1"}],"replies":[{"embeddable":true,"href":"https:\/\/www.kmws.de\/sauerland\/wp-json\/wp\/v2\/comments?post=3751"}],"version-history":[{"count":3,"href":"https:\/\/www.kmws.de\/sauerland\/wp-json\/wp\/v2\/pages\/3751\/revisions"}],"predecessor-version":[{"id":3754,"href":"https:\/\/www.kmws.de\/sauerland\/wp-json\/wp\/v2\/pages\/3751\/revisions\/3754"}],"wp:attachment":[{"href":"https:\/\/www.kmws.de\/sauerland\/wp-json\/wp\/v2\/media?parent=3751"}],"curies":[{"name":"wp","href":"https:\/\/api.w.org\/{rel}","templated":true}]}}