{"id":3462,"date":"2024-10-24T12:10:14","date_gmt":"2024-10-24T10:10:14","guid":{"rendered":"https:\/\/www.kmws.de\/sauerland\/?page_id=3462"},"modified":"2024-11-15T20:26:15","modified_gmt":"2024-11-15T19:26:15","slug":"sponsoren-2024","status":"publish","type":"page","link":"https:\/\/www.kmws.de\/sauerland\/sponsoren-2024","title":{"rendered":"Sponsoren 2024"},"content":{"rendered":"<p><span class=\"s1\"><b>Wir bedanken uns bei folgenden Verlagen, Vertriebspartnern, Versendern, die den Spieletreff 2024 mit ihren Neuheiten so gro\u00dfz\u00fcgig unterst\u00fctzt haben:<\/b><\/span><\/p>\n<p>(Stand: 15.11.2024)<\/p>\n<p>2F-Spiele<br \/>\nABACUSSPIELE<br \/>\nAdam&#8217;s Apple Games<br \/>\nAlderac Entertainment Group (AEG)<br \/>\nAllplay<br \/>\nAMIGO Spiel + Freizeit<br \/>\nAres<br \/>\nAsmodee<br \/>\nBig Potato Games<br \/>\nBirdwood Games<br \/>\nBoard Game Circus<br \/>\nBorderline Editions<br \/>\nCarletto<br \/>\nCzech Games Edition<br \/>\nDeep Print Games<br \/>\nDemoela<br \/>\nDoppeldenkspiele<br \/>\nDrei Magier<br \/>\nEdition Spielwiese\/Hutter Trade<br \/>\nEmperorS4<br \/>\nFeuerland<br \/>\nFour Comma Game<br \/>\nFrosted Games<br \/>\nFunco Games<br \/>\nFunforge<br \/>\nFuntails GmbH<br \/>\nGame Factory<br \/>\nGamelab<br \/>\nGrand Gamers Guild<br \/>\nHABA<br \/>\nHCM Kinzel<br \/>\nHeidelB\u00c4R Games<br \/>\nHeldbergs Games<br \/>\nHonest Quarks Ganes<br \/>\nHorrible Guild<br \/>\nHUCH!\/Hutter Trade<br \/>\nIce Makes<br \/>\nID Venture<br \/>\nitten games<br \/>\nJester<br \/>\nJoking Hazard\/Out of the Box<br \/>\nJulibert Games<br \/>\nKeen Bean Studio<br \/>\nKendi Games<br \/>\nKing Racoon<br \/>\nKobold Spieleverlag<br \/>\nLucky Duck Games<br \/>\nMagellan<br \/>\nMajlis-Shabab<br \/>\nMarcel Plum<br \/>\nMatagot Collection<br \/>\nMattel<br \/>\nMeepleBR<br \/>\nMM-Spiele\/Hutter Trade<br \/>\nmoses.<br \/>\nNastola<br \/>\nNerdlab<br \/>\nNoris Spiele\/Simba Toys<br \/>\nNSV<br \/>\nOink Games<br \/>\nOne Thousand Rats<br \/>\nPandasaurus<br \/>\nPD Verlag<br \/>\nPegasus<br \/>\nPiatnik<br \/>\nPile Up Games<br \/>\nPlaid Hat Games<br \/>\nPost Scriptum<br \/>\nPythagoras<br \/>\nQueen Games<br \/>\nRavensburger<br \/>\nSchmidt Spiele<br \/>\nSea Cove Games<br \/>\nSkellig Games<br \/>\nSPIEL DAS! Verlag<br \/>\nSpielgilde<br \/>\nStrohmann Games<br \/>\nStudio Infinitus<br \/>\nTCG Factory<br \/>\nTossit<br \/>\nUloomi<br \/>\nVesuvius Media<br \/>\nWattsalpoag<br \/>\nWise Wizard Games<br \/>\nZoch\/Simba Toys<\/p>\n","protected":false},"excerpt":{"rendered":"<p>Wir bedanken uns bei folgenden Verlagen, Vertriebspartnern, Versendern, die den Spieletreff 2024 mit ihren Neuheiten so gro\u00dfz\u00fcgig unterst\u00fctzt haben: (Stand: 15.11.2024) 2F-Spiele ABACUSSPIELE Adam&#8217;s Apple Games Alderac Entertainment Group (AEG) Allplay AMIGO Spiel + Freizeit Ares Asmodee Big Potato Games &hellip; <a href=\"https:\/\/www.kmws.de\/sauerland\/sponsoren-2024\">Weiterlesen <span class=\"meta-nav\">&rarr;<\/span><\/a><\/p>\n","protected":false},"author":1,"featured_media":0,"parent":0,"menu_order":0,"comment_status":"closed","ping_status":"closed","template":"","meta":{"ngg_post_thumbnail":0,"footnotes":""},"_links":{"self":[{"href":"https:\/\/www.kmws.de\/sauerland\/wp-json\/wp\/v2\/pages\/3462"}],"collection":[{"href":"https:\/\/www.kmws.de\/sauerland\/wp-json\/wp\/v2\/pages"}],"about":[{"href":"https:\/\/www.kmws.de\/sauerland\/wp-json\/wp\/v2\/types\/page"}],"author":[{"embeddable":true,"href":"https:\/\/www.kmws.de\/sauerland\/wp-json\/wp\/v2\/users\/1"}],"replies":[{"embeddable":true,"href":"https:\/\/www.kmws.de\/sauerland\/wp-json\/wp\/v2\/comments?post=3462"}],"version-history":[{"count":13,"href":"https:\/\/www.kmws.de\/sauerland\/wp-json\/wp\/v2\/pages\/3462\/revisions"}],"predecessor-version":[{"id":3506,"href":"https:\/\/www.kmws.de\/sauerland\/wp-json\/wp\/v2\/pages\/3462\/revisions\/3506"}],"wp:attachment":[{"href":"https:\/\/www.kmws.de\/sauerland\/wp-json\/wp\/v2\/media?parent=3462"}],"curies":[{"name":"wp","href":"https:\/\/api.w.org\/{rel}","templated":true}]}}