{"id":3435,"date":"2024-10-06T10:58:17","date_gmt":"2024-10-06T08:58:17","guid":{"rendered":"https:\/\/www.kmws.de\/sauerland\/?page_id=3435"},"modified":"2024-10-06T10:58:17","modified_gmt":"2024-10-06T08:58:17","slug":"moin-liebe-mitspielerinnen-und-mitspieler","status":"publish","type":"page","link":"https:\/\/www.kmws.de\/sauerland\/moin-liebe-mitspielerinnen-und-mitspieler","title":{"rendered":"Moin liebe Mitspielerinnen und Mitspieler"},"content":{"rendered":"<p>Ich werde \u00f6fter gefragt, wie es eigentlich zu der<a href=\"http:\/\/www.kmws.de\/sauerland\/wp-content\/uploads\/2024\/10\/RoyFoto.jpg\"><img loading=\"lazy\" decoding=\"async\" class=\"wp-image-3434 alignright\" src=\"http:\/\/www.kmws.de\/sauerland\/wp-content\/uploads\/2024\/10\/RoyFoto-300x300.jpg\" alt=\"\" width=\"115\" height=\"115\" srcset=\"https:\/\/www.kmws.de\/sauerland\/wp-content\/uploads\/2024\/10\/RoyFoto-300x300.jpg 300w, https:\/\/www.kmws.de\/sauerland\/wp-content\/uploads\/2024\/10\/RoyFoto-150x150.jpg 150w, https:\/\/www.kmws.de\/sauerland\/wp-content\/uploads\/2024\/10\/RoyFoto.jpg 480w\" sizes=\"(max-width: 115px) 100vw, 115px\" \/><\/a> oft wilden Auswahl an Spielen hier im Hotel kommt. Ich dachte, ich erkl\u00e4re das hier mal kurz.<\/p>\n<p>Zum einen habe ich in Essen Termine mit praktisch allen gro\u00dfen deutschen Verlagen und Distributionen. Mit denen bespreche ich dann kurz, was Neues da ist und was die Verlage schicken k\u00f6nnen.<br \/>\nBei den gro\u00dfen Distributionen habe ich nicht immer Einfluss, was geschickt wird. Bei einigen geht das problemlos, die schicken, was sie haben, andere suchen aus ihrem umfangreichen Programm halt 5-10 Spiele aus und die werden dann ans Hotel geschickt, ohne dass ich Einfluss drauf h\u00e4tte. Das ist schade, weil oft die wirklich coolen Titel einfach fehlen.<\/p>\n<p>Das ist im Prinzip aber der einfache Teil, weil uns die Verlage ja seit vielen Jahren kennen und uns gerne unterst\u00fctzen. Der schwierigere und deutlich anstrengendere ist der mit den kleinen Verlagen. Da ist es auch egal, ob es deutsche oder internationale sind.<\/p>\n<p>Viele kennen mich schon und spenden auch gerne Spiele und das auch schon seit vielen Jahren. Falls das nicht der Fall ist (und das ist es echt oft) frage ich mich zum Verantwortlichen durch und erkl\u00e4re, was wir machen und frage freundlich, ob sie Interesse h\u00e4tten uns zu unterst\u00fctzen. Dann geben die Verlage mir entweder gleich was mit, oder versprechen etwas direkt ans Hotel zu schicken. Das passiert erfahrungsgem\u00e4\u00df nicht immer, aber ab und an klappt das schon.<\/p>\n<p>In dem Fall kann es nat\u00fcrlich passieren, dass mir nicht ein ganz aktueller Titel gespendet wird. Das ist dann halt so. Ich frage ja nach Spenden, da trete ich nicht fordernd auf, sondern freue mich \u00fcber die Bereitschaft uns zu helfen. Auch wenn das Spiel schon 2 Jahre alt sein sollte.<\/p>\n<p>Dann gibt es kleinere Verlage, die unterst\u00fctzen solche Conventions gar nicht. Die Gr\u00fcnde k\u00f6nnen vielf\u00e4ltig sein. Es kann etwas Prinzipielles sein, es kann daran liegen, dass sie auf der Messe gar nicht so viele Spiele haben, um was davon zu spenden. Der Plan eines kleinen Verlages ist ja, seine Sachen zu verkaufen und nicht zu verschenken. Und nicht jeder hat ein &#8222;Werbebudget&#8220; eingeplant.<\/p>\n<p>Am Ende des Tages bin ich schlicht begeistert, wie viele Verlage Vertrauen in das haben, was wir veranstalten und Spiele zur Verf\u00fcgung stellen. Wenn Ihr das genauer wissen wollt, sprecht mich einfach im Hotel an.<\/p>\n<p>Gr\u00fc\u00dfe<br \/>\nRoy<\/p>\n","protected":false},"excerpt":{"rendered":"<p>Ich werde \u00f6fter gefragt, wie es eigentlich zu der oft wilden Auswahl an Spielen hier im Hotel kommt. Ich dachte, ich erkl\u00e4re das hier mal kurz. Zum einen habe ich in Essen Termine mit praktisch allen gro\u00dfen deutschen Verlagen und &hellip; <a href=\"https:\/\/www.kmws.de\/sauerland\/moin-liebe-mitspielerinnen-und-mitspieler\">Weiterlesen <span class=\"meta-nav\">&rarr;<\/span><\/a><\/p>\n","protected":false},"author":1,"featured_media":0,"parent":0,"menu_order":0,"comment_status":"closed","ping_status":"closed","template":"","meta":{"ngg_post_thumbnail":0,"footnotes":""},"_links":{"self":[{"href":"https:\/\/www.kmws.de\/sauerland\/wp-json\/wp\/v2\/pages\/3435"}],"collection":[{"href":"https:\/\/www.kmws.de\/sauerland\/wp-json\/wp\/v2\/pages"}],"about":[{"href":"https:\/\/www.kmws.de\/sauerland\/wp-json\/wp\/v2\/types\/page"}],"author":[{"embeddable":true,"href":"https:\/\/www.kmws.de\/sauerland\/wp-json\/wp\/v2\/users\/1"}],"replies":[{"embeddable":true,"href":"https:\/\/www.kmws.de\/sauerland\/wp-json\/wp\/v2\/comments?post=3435"}],"version-history":[{"count":4,"href":"https:\/\/www.kmws.de\/sauerland\/wp-json\/wp\/v2\/pages\/3435\/revisions"}],"predecessor-version":[{"id":3439,"href":"https:\/\/www.kmws.de\/sauerland\/wp-json\/wp\/v2\/pages\/3435\/revisions\/3439"}],"wp:attachment":[{"href":"https:\/\/www.kmws.de\/sauerland\/wp-json\/wp\/v2\/media?parent=3435"}],"curies":[{"name":"wp","href":"https:\/\/api.w.org\/{rel}","templated":true}]}}