{"id":3413,"date":"2023-12-04T16:58:05","date_gmt":"2023-12-04T15:58:05","guid":{"rendered":"https:\/\/www.kmws.de\/sauerland\/?page_id=3413"},"modified":"2023-12-04T16:58:05","modified_gmt":"2023-12-04T15:58:05","slug":"spieltische-2023","status":"publish","type":"page","link":"https:\/\/www.kmws.de\/sauerland\/spieltische-2023","title":{"rendered":"Spieltische 2023"},"content":{"rendered":"<p>Welche Spiele 2023 beim 38. Spieletreff auf den Tisch kamen, zeigen wir &#8211; unsortiert und unkommentiert &#8211; in dieser Fotogalerie, die l\u00e4ngst nicht alles zeigt, was gespielt wurde. Leider stellte sich die Bildqualit\u00e4t bei n\u00e4herem Hinsehen gelegentlich als suboptimal dar, das bitten wir zu entschuldigen.<\/p>\nngg_shortcode_0_placeholder\n","protected":false},"excerpt":{"rendered":"<p>Welche Spiele 2023 beim 38. Spieletreff auf den Tisch kamen, zeigen wir &#8211; unsortiert und unkommentiert &#8211; in dieser Fotogalerie, die l\u00e4ngst nicht alles zeigt, was gespielt wurde. Leider stellte sich die Bildqualit\u00e4t bei n\u00e4herem Hinsehen gelegentlich als suboptimal dar, &hellip; <a href=\"https:\/\/www.kmws.de\/sauerland\/spieltische-2023\">Weiterlesen <span class=\"meta-nav\">&rarr;<\/span><\/a><\/p>\n","protected":false},"author":1,"featured_media":0,"parent":0,"menu_order":0,"comment_status":"closed","ping_status":"closed","template":"","meta":{"ngg_post_thumbnail":0,"footnotes":""},"_links":{"self":[{"href":"https:\/\/www.kmws.de\/sauerland\/wp-json\/wp\/v2\/pages\/3413"}],"collection":[{"href":"https:\/\/www.kmws.de\/sauerland\/wp-json\/wp\/v2\/pages"}],"about":[{"href":"https:\/\/www.kmws.de\/sauerland\/wp-json\/wp\/v2\/types\/page"}],"author":[{"embeddable":true,"href":"https:\/\/www.kmws.de\/sauerland\/wp-json\/wp\/v2\/users\/1"}],"replies":[{"embeddable":true,"href":"https:\/\/www.kmws.de\/sauerland\/wp-json\/wp\/v2\/comments?post=3413"}],"version-history":[{"count":2,"href":"https:\/\/www.kmws.de\/sauerland\/wp-json\/wp\/v2\/pages\/3413\/revisions"}],"predecessor-version":[{"id":3415,"href":"https:\/\/www.kmws.de\/sauerland\/wp-json\/wp\/v2\/pages\/3413\/revisions\/3415"}],"wp:attachment":[{"href":"https:\/\/www.kmws.de\/sauerland\/wp-json\/wp\/v2\/media?parent=3413"}],"curies":[{"name":"wp","href":"https:\/\/api.w.org\/{rel}","templated":true}]}}