{"id":3253,"date":"2023-11-04T14:03:49","date_gmt":"2023-11-04T13:03:49","guid":{"rendered":"https:\/\/www.kmws.de\/sauerland\/?page_id=3253"},"modified":"2023-11-23T10:40:02","modified_gmt":"2023-11-23T09:40:02","slug":"neue-spiele-2023","status":"publish","type":"page","link":"https:\/\/www.kmws.de\/sauerland\/neue-spiele-2023","title":{"rendered":"Neue Spiele 2023"},"content":{"rendered":"<p>Hier eine alphabetische Liste aller neuen Spiele, die uns beim 38. Spieletreff im Hotel zur Verf\u00fcgung stehen. Ihr findet sie auch in einer <strong><a href=\"https:\/\/boardgamegeek.com\/geeklist\/324068\/willingen-2023\" target=\"_blank\" rel=\"noopener\">Geeklist<\/a><\/strong>. Die allerdings ist unvollst\u00e4ndig, weil 1. nicht alle Spiele bei BGG gelistet sind und 2. manche dort nicht unter ihrem deutschen Titel einsortiert werden.&nbsp;Weitere Spiele werden von Verlagschefs, die pers\u00f6nlich am Spieletreff teilnehmen, bei der Anreise mitgebracht.<\/p>\n<p>Die Liste wird bei Bedarf aktualisiert (Stand: 23.11.2023)<\/p>\n<p>1% One Percent \/ Iconiq Studios<br \/>\n3 Minute Crazy Caf\u00e9 \/ Kosmos<br \/>\n5 Towers \/ Pegasus<br \/>\nAfter US \/ Pegasus (Leihspiel)<br \/>\nAge of Rome \/ Strohmann Games<br \/>\nAllie Gator \/ Kosmos<br \/>\nAmygdala \/ Game Brewer<br \/>\nArschlochkind \/ Kampfhummel Spiele<br \/>\nAt the Office \/ Trefl<br \/>\nBattle of Midway \/ Bored Games<br \/>\nBeethupferl \/ Zoch (Simba)<br \/>\nBelratti \/ Kosmos<br \/>\nBier Pioniere \/ Spielefaible<br \/>\nBlack Friday \/ 2F-Spiele<br \/>\nBohnanza 25 Jahre-Edition \/ Amigo Spiel + Freizeit GmbH<br \/>\nBruxelles 1893 \/ Geek Attitude Games<br \/>\nBruxelles 1897 \/ Geek Attitude Games<br \/>\nButaBabel \/ Homosapiens Lab<br \/>\nBy the Book \/ HCM Kinzel<br \/>\nCabanga! \/ Amigo Spiel + Freizeit GmbH<br \/>\nCaf\u00e9 del Gatto \/ Schmidt Spiele GmbH<br \/>\nCan&#8217;t Stop Reiseausgabe \/ Franjos Spieleverlag<br \/>\nCan&#8217;t Stop XXL-Ausgabe \/ Franjos Spieleverlag<br \/>\nCangaceiros \/ Ares<br \/>\nCarry me Plz \/ Homosapiens Lab<br \/>\nCartaventura \u2013 Tintagel Teaser \/ Kosmos<br \/>\nCascadia &#8211; Im Herzen der Natur \/ Kosmos<br \/>\nCascadia: Landmarks \/ Alderac Entertainment Group (AEG)<br \/>\nCatan \u2013 Aufbruch der Menschheit \/ Kosmos<br \/>\nCGT: Card Game Traders \/ Da\u017ebog Games<br \/>\nChaos in Gotham City \/ Schmidt Spiele GmbH<br \/>\nCheese Master \/ Hutter Trade GmbH + Co KG<br \/>\nClaro \/ Zoch (Simba)<br \/>\nCloud Race \/ Piatnik<br \/>\nColor Flush \/ HCM Kinzel<br \/>\nCombo Fighter \/ Plotmaker Games<br \/>\nCrime Scene Brooklyn 2002 \/ Piatnik<br \/>\nCrimson Company \/ Crimson Company<br \/>\nDa kommt der Wurm raus \/ Zoch (Simba)<br \/>\nDas NEINhorn \/ Kosmos<br \/>\nDeep Dive \/ Alderac Entertainment Group (AEG)<br \/>\nDer Herr der Ringe &#8211; Schicksalsberg \/ Kosmos<br \/>\nDer Herr der Ringe Adventure Book Game \/ Ravensburger<br \/>\nDer perfekte Plan \/ moses.<br \/>\nDie Nadel im Heuhaufen \/ Schmidt Spiele GmbH<br \/>\nDie Patin \/ Zoch (Simba)<br \/>\nDie Verr\u00e4ter \/ Goliath<br \/>\nDie wei\u00dfe Burg \/ Kosmos<br \/>\nDinosaur Island Rawr &#8217;n Write \/ Pandasaurus Games<br \/>\nDjinn \/ Pegasus (Leihspiel)<br \/>\nDobble \u2013 Demo-Spiel \/ Asmodee<br \/>\nDodo \u2013 Rettet das Ei! \/ Kosmos<br \/>\nDog Lover \/ Alderac Entertainment Group (AEG)<br \/>\nDOG\u00ae Harry Potter \/ Schmidt Spiele GmbH<br \/>\nDorfromantik Das Duell \/ Pegasus (Leihspiel)<br \/>\nDOUC Kids \/ Douc in Danger<br \/>\nDrachenh\u00fcter \/ Kosmos<br \/>\nDragon Ranch \/ Azao Games<br \/>\nDragon Ranch (Teasy Game) \/ Azao Games<br \/>\nDreamscape \/ Sylex Edition<br \/>\nDschungelgedr\u00e4ngel \/ frechverlag<br \/>\nDubious \/ Arcane Wonders<br \/>\nDungeon Twister: The Card Game \/ Ludically<br \/>\nDUOS Dinge und Tiere \/ Hutter Trade GmbH + Co KG<br \/>\nechoes Draculas Erbe \/ Ravensburger<br \/>\nEis am Ziel \/ Schmidt Spiele GmbH<br \/>\nEnsemble \/ Ares Games<br \/>\nEscape the Room: Mord in der Mafia \/ Ravensburger<br \/>\nEuropean Union: The Board Game \/ Big Fun Games<br \/>\nEXIT Kids &#8211; R\u00e4tselspa\u00df im Dschungel \/ Kosmos<br \/>\nFish &amp; Katz \/ HeidelB\u00c4R<br \/>\nFit to Print \/ Alderac Entertainment Group (AEG)<br \/>\nFive Peaks \/ Trefl<br \/>\nFlip Hop (Teasy Game) \/ Azao Games<br \/>\nFlip4 \/ Noris Spiele (Simba)<br \/>\nFreaky Frogs From Outaspace \/ 2F-Spiele<br \/>\nFree Fall \/ Think Fun<br \/>\nFTW?! \/ 2F-Spiele<br \/>\nGame Night in a Can \/ Goliath<br \/>\nGAP \/ Arcane Wonders<br \/>\nGardeners \/ Hutter Trade GmbH + Co KG<br \/>\nGay Sauna: The Board Game \/ ReRoll Works<br \/>\nGewimmel im Dschungel \/ Asmodee\/Space Cow<br \/>\nGhost Writer \/ Pegasus (Leihspiel)<br \/>\nGumminis \/ HCM Kinzel<br \/>\nHalli Galli Twist \/ Amigo Spiel + Freizeit GmbH<br \/>\nHallihallo Kalmario \/ HABA<br \/>\nHard to Get \/ Gameplay Publishing<br \/>\nHavalandi \/ Pegasus (Leihspiel)<br \/>\nHigh Noon \/ High Noon Game<br \/>\nHow DARE you? \/ Alion Games<br \/>\nImperial Miners \/ Pegasus (Leihspiel)<br \/>\nInside Job \/ Kosmos<br \/>\nIrrgarten der Magier \/ Schmidt Spiele GmbH<br \/>\nIstanbul \/ Pegasus (Leihspiel)<br \/>\nIt&#8217;s a Balloon!? \/ PD Verlag<br \/>\nKampf gegen das Spiessertum \/ Kampfhummel Spiele<br \/>\nKarak \/ Kosmos<br \/>\nKarvi \/ Asmodee\/Hans im Gl\u00fcck<br \/>\nKatamino Family (MONO-Version) \/ Asmodee<br \/>\nKIPP X \/ Franjos Spieleverlag<br \/>\nKoole Kl\u00f6tze \/ Schmidt Spiele GmbH<br \/>\nKuhfstein \/ Schmidt Spiele GmbH<br \/>\nKutna Hora: Stadt des Silbers \/ CGE<br \/>\nLacrimosa \/ Kosmos<br \/>\nLast One Laughing \/ Ravensburger<br \/>\nLeonardo da Vinci&#8217;s Codex Leicester \/ Dice Tree games<br \/>\nLiving Planet \/ Ludically<br \/>\nLucky Beach \/ moses.<br \/>\nLucky First Incense \/ Lilai Lilai<br \/>\nMachi Koro &#8211; Die neue Stadt \/ Kosmos<br \/>\nMachi Koro 5th Aniversary Ed. \/ Pandasaurus Games<br \/>\nMario Kart Logic Game \/ Ravensburger<br \/>\nMarsch der Krabben \/ Hutter Trade GmbH + Co KG<br \/>\nMatch of the Century \/ Pegasus<br \/>\nMatch of the Century \/ Pegasus (Leihspiel)<br \/>\nMateria Prima \/ Peacock Tabletops<br \/>\nMein gr\u00fcner Fu\u00dfabdruck \u2013 Das Spiel \/ Noris Spiele (Simba)<br \/>\nMind Bug \/ Nerdlab<br \/>\nMobile Markets: A Smartphone Inc. Game \/ Arcane Wonders<br \/>\nMonster Hide and Seek \/ Homosapiens Lab<br \/>\nMonsterfalle \/ Kosmos<br \/>\nMoon river \/ Pegasus (Leihspiel)<br \/>\nMoorland \/ Pegasus<br \/>\nMoorland \/ Pegasus (Leihspiel)<br \/>\nMy lil Everdell \/ Pegasus (Leihspiel)<br \/>\nNebel \u00fcber Carcassonne \/ Asmodee\/Hans im Gl\u00fcck<br \/>\nNew Eden \/ Schmidt Spiele GmbH<br \/>\nNext Station Tokyo \/ HCM Kinzel<br \/>\nNilpferd in der Achterbahn \/ Ravensburger<br \/>\nNimalia \/ Pegasus (Leihspiel)<br \/>\nNMBR9 \/ Abacusspiele<br \/>\nNMBR9++ \/ Abacusspiele<br \/>\nNukular \/ Kampfhummel Spiele<br \/>\nNumber Drop \/ Alderac Entertainment Group (AEG)<br \/>\nNunatak \u2013 Tempel aus Eis \/ Kosmos<br \/>\nOne Card Dungeon \/ Little Rocket Games<br \/>\nOvercrowd \/ Ars Ludi<br \/>\nPacifica \/ Kosmos<br \/>\nPans Island \/ Pegasus (Leihspiel)<br \/>\nPasst nicht! Kartenspiel \/ Schmidt Spiele GmbH<br \/>\nPictures \/ PD Verlag<br \/>\nPictures USA Erweiterung \/ PD Verlag<br \/>\nPiraten-Mikado \/ Schmidt Spiele GmbH<br \/>\nPitch Fleet \/ Two Plus<br \/>\nPlanta Nubo \/ The Game Builders (ab 20.11.)<br \/>\nPoint City \/ Alderac Entertainment Group (AEG)<br \/>\nPong Party \/ Goliath<br \/>\nPort Royal \/ Pegasus (Leihspiel)<br \/>\nPrinting Press \/ Granna<br \/>\nQuicksand \/ Horrible Guild<br \/>\nQuirky Quarks \/ Quirky Quarks<br \/>\nRaccoon Tycoon \/ Piatnik<br \/>\nRobo Alarm \/ Schmidt Spiele GmbH<br \/>\nRUN \/ Fower Games<br \/>\nS\u00e1r\u00e9n\u00e1 \/ Ludically<br \/>\nSattgr\u00fcn \/ Kosmos<br \/>\nSch\u00e4tz it if you can \/ moses.<br \/>\nSchr\u00f6dingers Katzen \/ Amigo Spiel + Freizeit GmbH<br \/>\nShake that City \/ Alderac Entertainment Group (AEG)<br \/>\nSherlock \u2013 Das Familiengeheimnis \/ Abacusspiele<br \/>\nSherlock \u2013Das Collier \/ Abacusspiele<br \/>\nSherlock \u2013Villa Diodati \/ Abacusspiele<br \/>\nSherlock \u2013Zimmer 208 \/ Abacusspiele<br \/>\nSherlock Fantasy \u2013 Gl\u00fccklich bis ans Lebensende \/ Abacusspiele<br \/>\nShowdown \/ HABA<br \/>\nSilver &amp; Gold Pyramids \/ nsv<br \/>\nSimilo \/ Horrible Guild<br \/>\nSneaky Snakes \/ Sneaky Snakes Cards<br \/>\nSoda (Teasy Games) \/ Azao Games<br \/>\nSpeed Letters \/ HCM Kinzel<br \/>\nSpellbook \/ Asmodee\/Space Cowboys<br \/>\nSpy Guy Deutschland \/ Trefl<br \/>\nSternschnuppern \/ HABA<br \/>\nStich f\u00fcr Stich \/ Zoch (Simba)<br \/>\nStichelk\u00f6nig \/ HABA<br \/>\nStory Teller \/ TWOPLUS Games<br \/>\nSunrise Lane \/ Horrible Guild<br \/>\nSuper Kawaii Pets \/ HeidelB\u00c4R<br \/>\nSweet Mess: Pastry Competition \/ Pika Games<br \/>\nTaco Katze Ziege K\u00e4se Pizza (Demo-Spiel) \/ Asmodee<br \/>\nTea Time Crime \/ Piatnik<br \/>\nTension \/ HCM Kinzel<br \/>\nTerra Nova \/ Kosmos<br \/>\nTerraforming Mars: The Dice Game \/ Fryxgames<br \/>\nThat Old Wallpaper \/ Alderac Entertainment Group (AEG)<br \/>\nThe Academy \/ Amigo Spiel + Freizeit GmbH<br \/>\nThe Dracula Game \/ Roovi<br \/>\nThe Mind Soulmates \/ nsv<br \/>\nThe Rich and the Good \/ Ares Games<br \/>\nTinderblox \/ Alley Cat Games (ab 20.11.)<br \/>\nTipperary \/ Asmodee\/Lookout Games<br \/>\nTokaido duo \/ Pegasus (Leihspiel)<br \/>\nTrainsilvania \/ Zoch (Simba)<br \/>\nTribes of the Wind \/ Hutter Trade GmbH + Co KG<br \/>\nTrio \/ Asmodee\/Blue Cocktail<br \/>\nTriqueta \/ Pegasus<br \/>\nTriqueta \/ Pegasus (Leihspiel)<br \/>\nUbongo! Junior 3D \/ Kosmos<br \/>\nUND1C1. \/ DM Giochi SRLS<br \/>\nUnrest \/ Pandasaurus Games<br \/>\nUnsolved \u2013 Tod auf der Jacht \/ Amigo Spiel + Freizeit GmbH<br \/>\nVernusst nochmal! \/ Hutter Trade GmbH + Co KG<br \/>\nVerplant &amp; Zugestellt \/ frechverlag<br \/>\nVIP RIP \/ Nice Game Publishing<br \/>\nVolles Fass voraus \/ Zoch (Simba)<br \/>\nWasserdrachen \/ HABA<br \/>\nWaterfall Park \/ Asmodee\/Repos Production<br \/>\nWave \/ Kosmos<br \/>\nWer weiss denn sowas? 2nd Edit. \/ Schmidt Spiele GmbH<br \/>\nWie die Wombats \/ Zoch (Simba)<br \/>\nWort Duell \/ Noris Spiele (Simba)<br \/>\nWort Werk \/ moses.<br \/>\nWortwiesel \/ frechverlag<br \/>\nW\u00fcrfelk\u00f6nig Junior \/ HABA<br \/>\nW\u00fcrfelzucker \/ moses.<br \/>\nWuzzled! \/ Iconiq Studios<br \/>\nZ3BRA \/ Amigo Spiel + Freizeit GmbH<br \/>\nZauberzwerg \/ Amigo Spiel + Freizeit GmbH<br \/>\nZingo! \/ Think Fun<br \/>\nZitrushain \/ Board Game Circus<br \/>\nZoollywood Polar Quest \/ Blue Piper<br \/>\nZooloretto Neuauflage \/ Abacusspiele<\/p>\n","protected":false},"excerpt":{"rendered":"<p>Hier eine alphabetische Liste aller neuen Spiele, die uns beim 38. Spieletreff im Hotel zur Verf\u00fcgung stehen. Ihr findet sie auch in einer Geeklist. Die allerdings ist unvollst\u00e4ndig, weil 1. nicht alle Spiele bei BGG gelistet sind und 2. manche &hellip; <a href=\"https:\/\/www.kmws.de\/sauerland\/neue-spiele-2023\">Weiterlesen <span class=\"meta-nav\">&rarr;<\/span><\/a><\/p>\n","protected":false},"author":1,"featured_media":0,"parent":0,"menu_order":0,"comment_status":"closed","ping_status":"closed","template":"","meta":{"ngg_post_thumbnail":0,"footnotes":""},"_links":{"self":[{"href":"https:\/\/www.kmws.de\/sauerland\/wp-json\/wp\/v2\/pages\/3253"}],"collection":[{"href":"https:\/\/www.kmws.de\/sauerland\/wp-json\/wp\/v2\/pages"}],"about":[{"href":"https:\/\/www.kmws.de\/sauerland\/wp-json\/wp\/v2\/types\/page"}],"author":[{"embeddable":true,"href":"https:\/\/www.kmws.de\/sauerland\/wp-json\/wp\/v2\/users\/1"}],"replies":[{"embeddable":true,"href":"https:\/\/www.kmws.de\/sauerland\/wp-json\/wp\/v2\/comments?post=3253"}],"version-history":[{"count":17,"href":"https:\/\/www.kmws.de\/sauerland\/wp-json\/wp\/v2\/pages\/3253\/revisions"}],"predecessor-version":[{"id":3319,"href":"https:\/\/www.kmws.de\/sauerland\/wp-json\/wp\/v2\/pages\/3253\/revisions\/3319"}],"wp:attachment":[{"href":"https:\/\/www.kmws.de\/sauerland\/wp-json\/wp\/v2\/media?parent=3253"}],"curies":[{"name":"wp","href":"https:\/\/api.w.org\/{rel}","templated":true}]}}