{"id":53,"date":"2015-10-16T11:20:11","date_gmt":"2015-10-16T09:20:11","guid":{"rendered":"http:\/\/www.kmws.de\/sauerland\/?page_id=53"},"modified":"2023-11-11T12:37:49","modified_gmt":"2023-11-11T11:37:49","slug":"impressum","status":"publish","type":"page","link":"http:\/\/www.kmws.de\/sauerland\/impressum","title":{"rendered":"Impressum"},"content":{"rendered":"<p>Dies ist eine private Website von<\/p>\n<p>Knut-Michael Wolf<br \/>\nDweerbl\u00f6cken 61 A<br \/>\n22393 Hamburg<br \/>\nTelefon: +49 40 6010302<br \/>\nTelefax: +49 40 63644663<br \/>\nE-Mail: <a href=\"mailto:mike@kmws.de?subject=Spieletreff%20Sauerland\">mike@kmws.de<\/a><\/p>\n<p>Inhaltlich Verantwortlicher gem\u00e4\u00df \u00a7 10 Absatz 3 MDStV: Knut-Michael Wolf<\/p>\n<p>Haftungshinweis: Trotz sorgf\u00e4ltiger inhaltlicher Kontrolle \u00fcbernehme ich keine Haftung f\u00fcr die Inhalte externer Links. F\u00fcr den Inhalt der verlinkten Seiten sind ausschlie\u00dflich deren Betreiber verantwortlich.<\/p>\n<p><strong>Veranstalter des Spieletreffs ist das<\/strong><br \/>\n<strong>H+ Hotel Willingen<\/strong><br \/>\n<strong>\u201eSpieleTREFF\u201c<\/strong><br \/>\n<strong>Am Schneppelnberg 9-13<\/strong><br \/>\n<strong>D-34508 Willingen-Usseln<\/strong><\/p>\n<p>Kontakt f\u00fcr Anfragen\/Buchungen:<\/p>\n<p>Nadine Gaertig<br \/>\nTel.: +49 (0) 5632-31-411<br \/>\nFax: +49 (0) 5632-31-413<br \/>\nE-Mail: <a href=\"mailto:Nadine.Gaertig@h-hotels.com?subject=Spieletreff\">Nadine.Gaertig@h-hotels.com<\/a><\/p>\n","protected":false},"excerpt":{"rendered":"<p>Dies ist eine private Website von Knut-Michael Wolf Dweerbl\u00f6cken 61 A 22393 Hamburg Telefon: +49 40 6010302 Telefax: +49 40 63644663 E-Mail: mike@kmws.de Inhaltlich Verantwortlicher gem\u00e4\u00df \u00a7 10 Absatz 3 MDStV: Knut-Michael Wolf Haftungshinweis: Trotz sorgf\u00e4ltiger inhaltlicher Kontrolle \u00fcbernehme ich &hellip; <a href=\"http:\/\/www.kmws.de\/sauerland\/impressum\">Weiterlesen <span class=\"meta-nav\">&rarr;<\/span><\/a><\/p>\n","protected":false},"author":1,"featured_media":0,"parent":0,"menu_order":0,"comment_status":"closed","ping_status":"closed","template":"","meta":{"ngg_post_thumbnail":0,"footnotes":""},"_links":{"self":[{"href":"http:\/\/www.kmws.de\/sauerland\/wp-json\/wp\/v2\/pages\/53"}],"collection":[{"href":"http:\/\/www.kmws.de\/sauerland\/wp-json\/wp\/v2\/pages"}],"about":[{"href":"http:\/\/www.kmws.de\/sauerland\/wp-json\/wp\/v2\/types\/page"}],"author":[{"embeddable":true,"href":"http:\/\/www.kmws.de\/sauerland\/wp-json\/wp\/v2\/users\/1"}],"replies":[{"embeddable":true,"href":"http:\/\/www.kmws.de\/sauerland\/wp-json\/wp\/v2\/comments?post=53"}],"version-history":[{"count":10,"href":"http:\/\/www.kmws.de\/sauerland\/wp-json\/wp\/v2\/pages\/53\/revisions"}],"predecessor-version":[{"id":3285,"href":"http:\/\/www.kmws.de\/sauerland\/wp-json\/wp\/v2\/pages\/53\/revisions\/3285"}],"wp:attachment":[{"href":"http:\/\/www.kmws.de\/sauerland\/wp-json\/wp\/v2\/media?parent=53"}],"curies":[{"name":"wp","href":"https:\/\/api.w.org\/{rel}","templated":true}]}}