{"id":3714,"date":"2025-11-11T17:37:32","date_gmt":"2025-11-11T16:37:32","guid":{"rendered":"https:\/\/www.kmws.de\/sauerland\/?page_id=3714"},"modified":"2025-11-13T11:44:53","modified_gmt":"2025-11-13T10:44:53","slug":"sponsoren-2025","status":"publish","type":"page","link":"http:\/\/www.kmws.de\/sauerland\/sponsoren-2025","title":{"rendered":"Sponsoren 2025"},"content":{"rendered":"<p><span class=\"s1\"><b>Wir bedanken uns bei folgenden Verlagen, Vertriebspartnern, Versendern, die den Spieletreff 2025 mit ihren Neuheiten so gro\u00dfz\u00fcgig unterst\u00fctzt haben:<\/b><\/span><\/p>\n<p>(Stand: 13.11.2025)<\/p>\n<p>2F Spiele<br \/>\nABACUSSPIELE<br \/>\nAlderac Entertainment Group (AEG)<br \/>\nAMIGO Spiel + Freizeit<br \/>\nAnna Siener (Eigenverlag)<br \/>\nArcane Wonders<br \/>\nAres<br \/>\nArsonists Verlag GmbH<br \/>\nBoardgame Racoon<br \/>\nBombyx<br \/>\nBordgame Racoon<br \/>\nBridgehead<br \/>\nCarlMax<br \/>\nClaGla<br \/>\nCzech Games Edition<br \/>\nDeep Print Games<br \/>\nDranda Games<br \/>\nDrei Magier<br \/>\nEdition Spielwiese\/Hutter<br \/>\nFowers Games<br \/>\nGaga Games<br \/>\nGamesquest<br \/>\nGeek Attitude Games<br \/>\nGoliath<br \/>\nGranna<br \/>\nHABA<br \/>\nHeidelB\u00c4R<br \/>\nHelvetiq<br \/>\nHorrible Guild<br \/>\nHutter Trade<br \/>\nInvedars<br \/>\nitten games<br \/>\nJolly Dutch Productions<br \/>\nJumping Turtle Games<br \/>\nLoosey Goosey<br \/>\nLost Boy Entertainment<br \/>\nLucky Duck Games<br \/>\nLudonaute<br \/>\nLudonova<br \/>\nMarcel Plum<br \/>\nMartin Schlegel<br \/>\nMattel<br \/>\nMTS<br \/>\nNerdlab<br \/>\nNSV<br \/>\nNuts! Publishing<br \/>\nOink Games<br \/>\nOne Stone Studios<br \/>\nOttavio<br \/>\nOutset Media<br \/>\nPD Verlag<br \/>\nPiatnik<br \/>\nPicoMega<br \/>\nPWU Design<br \/>\nQueen Games<br \/>\nRavensburger<br \/>\nSchmidt Spiele<br \/>\nSimba\/Zoch<br \/>\nSkellig Games<br \/>\nSpielefaible<br \/>\nSpielworxx<br \/>\nStudio Supernova\/HeidelB\u00c4R<br \/>\nThe Game Builders<br \/>\nTiros Games<br \/>\nTlama games<br \/>\nTrefl<br \/>\nWulfhorn games<\/p>\n","protected":false},"excerpt":{"rendered":"<p>Wir bedanken uns bei folgenden Verlagen, Vertriebspartnern, Versendern, die den Spieletreff 2025 mit ihren Neuheiten so gro\u00dfz\u00fcgig unterst\u00fctzt haben: (Stand: 13.11.2025) 2F Spiele ABACUSSPIELE Alderac Entertainment Group (AEG) AMIGO Spiel + Freizeit Anna Siener (Eigenverlag) Arcane Wonders Ares Arsonists Verlag &hellip; <a href=\"http:\/\/www.kmws.de\/sauerland\/sponsoren-2025\">Weiterlesen <span class=\"meta-nav\">&rarr;<\/span><\/a><\/p>\n","protected":false},"author":1,"featured_media":0,"parent":0,"menu_order":0,"comment_status":"closed","ping_status":"closed","template":"","meta":{"ngg_post_thumbnail":0,"footnotes":""},"_links":{"self":[{"href":"http:\/\/www.kmws.de\/sauerland\/wp-json\/wp\/v2\/pages\/3714"}],"collection":[{"href":"http:\/\/www.kmws.de\/sauerland\/wp-json\/wp\/v2\/pages"}],"about":[{"href":"http:\/\/www.kmws.de\/sauerland\/wp-json\/wp\/v2\/types\/page"}],"author":[{"embeddable":true,"href":"http:\/\/www.kmws.de\/sauerland\/wp-json\/wp\/v2\/users\/1"}],"replies":[{"embeddable":true,"href":"http:\/\/www.kmws.de\/sauerland\/wp-json\/wp\/v2\/comments?post=3714"}],"version-history":[{"count":4,"href":"http:\/\/www.kmws.de\/sauerland\/wp-json\/wp\/v2\/pages\/3714\/revisions"}],"predecessor-version":[{"id":3727,"href":"http:\/\/www.kmws.de\/sauerland\/wp-json\/wp\/v2\/pages\/3714\/revisions\/3727"}],"wp:attachment":[{"href":"http:\/\/www.kmws.de\/sauerland\/wp-json\/wp\/v2\/media?parent=3714"}],"curies":[{"name":"wp","href":"https:\/\/api.w.org\/{rel}","templated":true}]}}